{"id":4,"date":"2022-05-09T08:05:48","date_gmt":"2022-05-09T06:05:48","guid":{"rendered":"https:\/\/mch-test.cz\/sbdradost\/?page_id=4"},"modified":"2025-12-19T09:26:43","modified_gmt":"2025-12-19T08:26:43","slug":"index-2","status":"publish","type":"page","link":"https:\/\/www.sbdradost.cz\/","title":{"rendered":"index"},"content":{"rendered":"<p>[et_pb_section fb_built=&#8220;1&#8243; fullwidth=&#8220;on&#8220; _builder_version=&#8220;4.14.5&#8243; _module_preset=&#8220;default&#8220; custom_margin=&#8220;66px||||false|false&#8220; locked=&#8220;on&#8220; global_colors_info=&#8220;{}&#8220;][et_pb_fullwidth_slider show_pagination=&#8220;off&#8220; _builder_version=&#8220;4.14.5&#8243; _module_preset=&#8220;default&#8220; custom_padding=&#8220;197px||391px|||&#8220; animation_style=&#8220;fade&#8220; auto=&#8220;on&#8220; global_colors_info=&#8220;{}&#8220;][et_pb_slide _builder_version=&#8220;4.14.8&#8243; _module_preset=&#8220;default&#8220; background_enable_color=&#8220;off&#8220; background_image=&#8220;https:\/\/www.sbdradost.cz\/wp-content\/uploads\/2022\/05\/foto-sbd-boskovice-c1.jpg&#8220; background_enable_image=&#8220;on&#8220; global_colors_info=&#8220;{}&#8220; sticky_transition=&#8220;on&#8220;][\/et_pb_slide][et_pb_slide _builder_version=&#8220;4.14.8&#8243; _module_preset=&#8220;default&#8220; background_enable_color=&#8220;off&#8220; background_image=&#8220;https:\/\/www.sbdradost.cz\/wp-content\/uploads\/2022\/05\/foto-sbd-boskovice-c2.jpg&#8220; background_enable_image=&#8220;on&#8220; global_colors_info=&#8220;{}&#8220; sticky_transition=&#8220;on&#8220;][\/et_pb_slide][et_pb_slide _builder_version=&#8220;4.14.8&#8243; _module_preset=&#8220;default&#8220; background_enable_color=&#8220;off&#8220; background_image=&#8220;https:\/\/www.sbdradost.cz\/wp-content\/uploads\/2022\/05\/foto-sbd-boskovice-c3.jpg&#8220; background_enable_image=&#8220;on&#8220; global_colors_info=&#8220;{}&#8220; sticky_transition=&#8220;on&#8220;][\/et_pb_slide][\/et_pb_fullwidth_slider][\/et_pb_section][et_pb_section fb_built=&#8220;1&#8243; _builder_version=&#8220;4.14.8&#8243; _module_preset=&#8220;default&#8220; background_color=&#8220;#001E36&#8243; custom_padding=&#8220;0px||0px|||&#8220; global_colors_info=&#8220;{}&#8220;][et_pb_row column_structure=&#8220;1_3,1_3,1_3&#8243; _builder_version=&#8220;4.14.5&#8243; _module_preset=&#8220;default&#8220; custom_padding=&#8220;||1px|||&#8220; global_colors_info=&#8220;{}&#8220;][et_pb_column type=&#8220;1_3&#8243; _builder_version=&#8220;4.14.5&#8243; _module_preset=&#8220;default&#8220; background_color=&#8220;#dde7ff&#8220; vertical_offset=&#8220;0px&#8220; custom_padding=&#8220;20px|20px|20px|20px|false|false&#8220; custom_css_main_element=&#8220;height: 520px;||&#8220; border_radii=&#8220;on|12px|12px|12px|12px&#8220; global_colors_info=&#8220;{}&#8220;][et_pb_icon font_icon=&#8220;&#x7d;||divi||400&#8243; icon_color=&#8220;#6CB8E7&#8243; icon_width=&#8220;30px&#8220; _builder_version=&#8220;4.14.5&#8243; _module_preset=&#8220;default&#8220; custom_margin=&#8220;||0px||false|false&#8220; custom_padding=&#8220;0px||||false|false&#8220; global_colors_info=&#8220;{}&#8220;][\/et_pb_icon][et_pb_text _builder_version=&#8220;4.14.5&#8243; _module_preset=&#8220;default&#8220; text_font_size=&#8220;20px&#8220; text_line_height=&#8220;1.6em&#8220; background_color=&#8220;RGBA(255,255,255,0)&#8220; text_orientation=&#8220;center&#8220; custom_margin=&#8220;0px||||false|false&#8220; custom_padding=&#8220;0px|0px|0px|0px|false|false&#8220; global_colors_info=&#8220;{}&#8220;]<\/p>\n<h3>PROVOZN\u00cd DOBA<\/h3>\n<p>&nbsp;<\/p>\n<p><strong>\u00dater\u00fd<\/strong><br \/>8.00 &#8211; 11.00<br \/>12.30 &#8211; 17.00<\/p>\n<p>&nbsp;<\/p>\n<p><strong>St\u0159eda<\/strong><br \/>8.00 &#8211; 11.00<br \/>12.30 &#8211; 15.00<\/p>\n<p>&nbsp;<\/p>\n<p>[\/et_pb_text][\/et_pb_column][et_pb_column type=&#8220;1_3&#8243; _builder_version=&#8220;4.14.5&#8243; _module_preset=&#8220;default&#8220; background_color=&#8220;#FFFFFF&#8220; vertical_offset=&#8220;-70px&#8220; vertical_offset_tablet=&#8220;0px&#8220; vertical_offset_phone=&#8220;0px&#8220; vertical_offset_last_edited=&#8220;on|phone&#8220; custom_padding=&#8220;20px|20px|20px|20px|false|false&#8220; custom_css_main_element=&#8220;height: 590px;||&#8220; border_radii=&#8220;on|12px|12px|12px|12px&#8220; global_colors_info=&#8220;{}&#8220;][et_pb_icon font_icon=&#8220;&#xe090;||divi||400&#8243; icon_color=&#8220;#6CB8E7&#8243; icon_width=&#8220;26px&#8220; _builder_version=&#8220;4.14.5&#8243; _module_preset=&#8220;default&#8220; custom_margin=&#8220;||0px||false|false&#8220; custom_padding=&#8220;0px||||false|false&#8220; global_colors_info=&#8220;{}&#8220;][\/et_pb_icon][et_pb_text _builder_version=&#8220;4.14.5&#8243; _module_preset=&#8220;default&#8220; text_font_size=&#8220;16px&#8220; header_line_height=&#8220;1.2em&#8220; header_3_line_height=&#8220;1.2em&#8220; background_enable_color=&#8220;off&#8220; text_orientation=&#8220;center&#8220; custom_margin=&#8220;0px||7px||false|false&#8220; custom_padding=&#8220;0px|0px|0px|0px|false|false&#8220; global_colors_info=&#8220;{}&#8220;]<\/p>\n<h3>KONTAKTY PRO<br \/>\nP\u0158\u00cdPAD HAV\u00c1RIE<\/h3>\n<p>[\/et_pb_text][et_pb_text _builder_version=&#8220;4.14.5&#8243; _module_preset=&#8220;default&#8220; text_font_size=&#8220;16px&#8220; link_text_color=&#8220;#666666&#8243; header_line_height=&#8220;1.2em&#8220; header_3_line_height=&#8220;1.2em&#8220; background_enable_color=&#8220;off&#8220; text_orientation=&#8220;center&#8220; custom_margin=&#8220;0px||7px||false|false&#8220; custom_padding=&#8220;0px|0px|0px|0px|false|false&#8220; global_colors_info=&#8220;{}&#8220;]<strong>ODPADY<\/strong><br \/>\nPavel Pacola \u2013 <a href=\"tel:608460480\">608\u00a0460\u00a0480<\/a><\/p>\n<p><strong>ELEKTRO<\/strong><br \/>\nPetr Bala\u0161 \u2013 <a href=\"tel:734633094\">734\u00a0633\u00a0094<\/a><br \/>\nPavel Sychra \u2013 <a href=\"tel:728038599\">728\u00a0038\u00a0599<\/a><\/p>\n<p><strong>VODA, TOPEN\u00cd<\/strong><br \/>\nV\u00e1clav L\u00e1tal \u2013 <a href=\"tel:777215707\">777\u00a0215\u00a0707<\/a><br \/>\nLadislav Sedl\u00e1k \u2013 <a href=\"tel:607750951\">607\u00a0750\u00a0951<\/a><\/p>\n<p><strong>PLYNOINSTALACE<\/strong><br \/>\nTom\u00e1\u0161 Kraut \u2013 <a href=\"tel:777292093\">777\u00a0292\u00a0093<\/a><br \/>\nAnton\u00edn \u0160ebe\u010dek \u2013 <a href=\"tel:731065571\">731\u00a0065\u00a0571<\/a><\/p>\n<p><strong>VODA, PLYN, ELEKTRO, TOPEN\u00cd<\/strong><br \/>\nTom\u00e1\u0161 a Michal Tlamkovi  <a href=\"tel:730918996\">730\u00a0918\u00a0996<\/a><br \/>\n<a href=\"https:\/\/www.poruchybrno.cz\" target=\"_blank\" rel=\"noopener noreferrer\">www.poruchybrno.cz<\/a><br \/>\n<a href=\"tel:606990099\">606\u00a0990\u00a0099<\/a>[\/et_pb_text][\/et_pb_column][et_pb_column type=&#8220;1_3&#8243; _builder_version=&#8220;4.14.5&#8243; _module_preset=&#8220;default&#8220; background_color=&#8220;#dde7ff&#8220; vertical_offset=&#8220;0px&#8220; custom_padding=&#8220;20px|20px|20px|20px|false|false&#8220; custom_css_main_element=&#8220;height: 520px;||&#8220; border_radii=&#8220;on|12px|12px|12px|12px&#8220; global_colors_info=&#8220;{}&#8220;][et_pb_icon font_icon=&#8220;&#x69;||divi||400&#8243; icon_color=&#8220;#6CB8E7&#8243; icon_width=&#8220;30px&#8220; _builder_version=&#8220;4.14.5&#8243; _module_preset=&#8220;default&#8220; custom_margin=&#8220;0px||0px||false|false&#8220; custom_padding=&#8220;0px||||false|false&#8220; global_colors_info=&#8220;{}&#8220;][\/et_pb_icon][et_pb_text disabled_on=&#8220;on|on|on&#8220; _builder_version=&#8220;4.14.5&#8243; _module_preset=&#8220;default&#8220; text_font=&#8220;|||on|||||&#8220; text_font_size=&#8220;15px&#8220; text_line_height=&#8220;1.3em&#8220; text_orientation=&#8220;center&#8220; custom_margin=&#8220;0px||0px||false|false&#8220; custom_padding=&#8220;10px|0px|1px|0px|false|false&#8220; disabled=&#8220;on&#8220; global_colors_info=&#8220;{}&#8220;]<\/p>\n<h3><a href=\"\/index.php\/aktualne\/\">AKTU\u00c1LN\u011a:<\/a><\/h3>\n<p>[\/et_pb_text][et_pb_button button_url=&#8220;\/index.php\/aktualne\/&#8220; button_text=&#8220;Pozv\u00e1nka na shrom\u00e1\u017ed\u011bn\u00ed deleg\u00e1t\u016f&#8220; button_alignment=&#8220;center&#8220; disabled_on=&#8220;on|on|on&#8220; _builder_version=&#8220;4.14.5&#8243; _module_preset=&#8220;default&#8220; custom_button=&#8220;on&#8220; button_text_size=&#8220;16px&#8220; button_bg_color=&#8220;#FFFFFF&#8220; button_border_width=&#8220;0px&#8220; button_border_radius=&#8220;12px&#8220; custom_margin=&#8220;9px||10px||false|false&#8220; disabled=&#8220;on&#8220; global_colors_info=&#8220;{}&#8220;][\/et_pb_button][et_pb_text _builder_version=&#8220;4.14.5&#8243; _module_preset=&#8220;default&#8220; text_orientation=&#8220;center&#8220; custom_margin=&#8220;0px||0px||false|false&#8220; custom_padding=&#8220;10px|0px|0px|0px|false|false&#8220; global_colors_info=&#8220;{}&#8220;]<\/p>\n<h3><a href=\"\/index.php\/dokumenty\/\">DOKUMENTY:<\/a><\/h3>\n<p>[\/et_pb_text][et_pb_button button_url=&#8220;\/index.php\/dokumenty\/&#8220; button_text=&#8220;zobrazit v\u00edce&#8220; button_alignment=&#8220;center&#8220; _builder_version=&#8220;4.14.5&#8243; _module_preset=&#8220;default&#8220; custom_button=&#8220;on&#8220; button_text_size=&#8220;16px&#8220; button_bg_color=&#8220;#FFFFFF&#8220; button_border_width=&#8220;0px&#8220; button_border_radius=&#8220;12px&#8220; custom_margin=&#8220;0px||10px||false|false&#8220; global_colors_info=&#8220;{}&#8220;][\/et_pb_button][et_pb_text disabled_on=&#8220;off|off|off&#8220; _builder_version=&#8220;4.14.5&#8243; _module_preset=&#8220;default&#8220; text_orientation=&#8220;center&#8220; custom_margin=&#8220;0px||0px||false|false&#8220; custom_padding=&#8220;10px|0px|0px|0px|false|false&#8220; global_colors_info=&#8220;{}&#8220;]<\/p>\n<h3><a href=\"\/index.php\/chci-vyridit\/\">CHCI VY\u0158\u00cdDIT:<\/a><\/h3>\n<p>[\/et_pb_text][et_pb_button button_url=&#8220;\/index.php\/chci-vyridit\/&#8220; button_text=&#8220;zobrazit v\u00edce&#8220; button_alignment=&#8220;center&#8220; disabled_on=&#8220;off|off|off&#8220; _builder_version=&#8220;4.14.5&#8243; _module_preset=&#8220;default&#8220; custom_button=&#8220;on&#8220; button_text_size=&#8220;16px&#8220; button_bg_color=&#8220;#FFFFFF&#8220; button_border_width=&#8220;0px&#8220; button_border_radius=&#8220;12px&#8220; custom_margin=&#8220;0px||16px||false|false&#8220; global_colors_info=&#8220;{}&#8220;][\/et_pb_button][et_pb_text disabled_on=&#8220;off|off|off&#8220; _builder_version=&#8220;4.14.5&#8243; _module_preset=&#8220;default&#8220; text_orientation=&#8220;center&#8220; custom_margin=&#8220;0px||0px||false|false&#8220; custom_padding=&#8220;10px|0px|0px|0px|false|false&#8220; global_colors_info=&#8220;{}&#8220;]<\/p>\n<h3><a href=\"\/index.php\/stanovy-druzstva\">STANOVY DRU\u017dSTVA:<\/a><\/h3>\n<p>[\/et_pb_text][et_pb_button button_url=&#8220;\/index.php\/stanovy-druzstva&#8220; button_text=&#8220;zobrazit v\u00edce&#8220; button_alignment=&#8220;center&#8220; disabled_on=&#8220;off|off|off&#8220; _builder_version=&#8220;4.14.5&#8243; _module_preset=&#8220;default&#8220; custom_button=&#8220;on&#8220; button_text_size=&#8220;16px&#8220; button_bg_color=&#8220;#FFFFFF&#8220; button_border_width=&#8220;0px&#8220; button_border_radius=&#8220;12px&#8220; custom_margin=&#8220;0px||16px||false|false&#8220; global_colors_info=&#8220;{}&#8220;][\/et_pb_button][\/et_pb_column][\/et_pb_row][\/et_pb_section][et_pb_section fb_built=&#8220;1&#8243; _builder_version=&#8220;4.14.8&#8243; _module_preset=&#8220;default&#8220; background_color=&#8220;#545454&#8243; custom_margin=&#8220;0px||0px||false|false&#8220; custom_padding=&#8220;0px||0px||false|false&#8220; top_divider_color=&#8220;#153E79&#8243; top_divider_arrangement=&#8220;above_content&#8220; global_colors_info=&#8220;{}&#8220;][et_pb_row _builder_version=&#8220;4.14.5&#8243; _module_preset=&#8220;default&#8220; background_color=&#8220;#545454&#8243; background_image=&#8220;https:\/\/www.sbdradost.cz\/wp-content\/uploads\/2022\/05\/mapa-01.png&#8220; width=&#8220;100%&#8220; max_width=&#8220;1920px&#8220; module_alignment=&#8220;center&#8220; min_height=&#8220;670px&#8220; custom_margin=&#8220;0px||0px||false|false&#8220; custom_padding=&#8220;47px|||||&#8220; global_module=&#8220;78&#8243; saved_tabs=&#8220;all&#8220; global_colors_info=&#8220;{}&#8220;][et_pb_column type=&#8220;4_4&#8243; _builder_version=&#8220;4.14.8&#8243; _module_preset=&#8220;default&#8220; global_colors_info=&#8220;{}&#8220;][et_pb_text _builder_version=&#8220;4.14.5&#8243; _module_preset=&#8220;default&#8220; text_font_size=&#8220;18px&#8220; text_line_height=&#8220;1.6em&#8220; background_color=&#8220;#FFFFFF&#8220; z_index=&#8220;999&#8243; text_orientation=&#8220;center&#8220; max_width=&#8220;400px&#8220; module_alignment=&#8220;center&#8220; height=&#8220;250px&#8220; custom_margin=&#8220;||0px||false|false&#8220; custom_padding=&#8220;20px|20px|0px|20px|false|false&#8220; border_radii=&#8220;on|12px|12px|12px|12px&#8220; locked=&#8220;on&#8220; global_colors_info=&#8220;{}&#8220;]<\/p>\n<h3>KDE N\u00c1S NAJDETE?<strong><\/strong><strong><\/strong><strong><\/strong><\/h3>\n<p><strong><\/strong><\/p>\n<p><strong>Stavebn\u00ed bytov\u00e9<br \/>dru\u017estvo RADOST<\/strong><br \/>Komensk\u00e9ho 22<br \/>680 01 Boskovice<\/p>\n<p>&nbsp;<\/p>\n<p>[\/et_pb_text][et_pb_image src=&#8220;https:\/\/www.sbdradost.cz\/wp-content\/uploads\/2022\/05\/zobacek.png&#8220; title_text=&#8220;zobacek&#8220; align=&#8220;center&#8220; _builder_version=&#8220;4.14.5&#8243; _module_preset=&#8220;default&#8220; custom_margin=&#8220;0px|0px|0px|0px|false|false&#8220; custom_padding=&#8220;0px|0px|0px|0px|false|false&#8220; global_colors_info=&#8220;{}&#8220;][\/et_pb_image][\/et_pb_column][\/et_pb_row][\/et_pb_section][et_pb_section fb_built=&#8220;1&#8243; module_id=&#8220;kontakt&#8220; _builder_version=&#8220;4.14.5&#8243; _module_preset=&#8220;default&#8220; background_color=&#8220;#001E36&#8243; global_module=&#8220;79&#8243; saved_tabs=&#8220;all&#8220; locked=&#8220;off&#8220; global_colors_info=&#8220;{}&#8220;][et_pb_row _builder_version=&#8220;4.14.5&#8243; _module_preset=&#8220;default&#8220; custom_padding=&#8220;||0px||false|false&#8220; global_colors_info=&#8220;{}&#8220;][et_pb_column type=&#8220;4_4&#8243; _builder_version=&#8220;4.14.8&#8243; _module_preset=&#8220;default&#8220; global_colors_info=&#8220;{}&#8220;][et_pb_text ul_type=&#8220;none&#8220; _builder_version=&#8220;4.14.8&#8243; _module_preset=&#8220;default&#8220; text_text_color=&#8220;#FFFFFF&#8220; text_line_height=&#8220;1.3em&#8220; link_text_align=&#8220;left&#8220; link_text_color=&#8220;#6CB8E7&#8243; ul_line_height=&#8220;1.2em&#8220; header_2_text_color=&#8220;#6CB8E7&#8243; header_3_text_color=&#8220;#6CB8E7&#8243; header_3_font_size=&#8220;20px&#8220; header_3_line_height=&#8220;0.9em&#8220; custom_padding=&#8220;||0px||false|false&#8220; global_colors_info=&#8220;{}&#8220;]<\/p>\n<h2>KONTAKTY:<\/h2>\n<ul>\n<li><strong>Stavebn\u00ed bytov\u00e9 dru\u017estvo RADOST<\/strong><\/li>\n<li>Komensk\u00e9ho 22<\/li>\n<li>680 01 Boskovice<\/li>\n<li>I\u010cO: 00048356\u00a0\u00a0\u00a0\u00a0\u00a0\u00a0 DI\u010c: CZ00048356<\/li>\n<li>Datov\u00e1 schr\u00e1nka: g7d4c7k<\/li>\n<\/ul>\n<p>[\/et_pb_text][\/et_pb_column][\/et_pb_row][et_pb_row column_structure=&#8220;1_2,1_2&#8243; module_id=&#8220;ko&#8220; _builder_version=&#8220;4.14.5&#8243; _module_preset=&#8220;default&#8220; width=&#8220;90%&#8220; global_colors_info=&#8220;{}&#8220;][et_pb_column type=&#8220;1_2&#8243; _builder_version=&#8220;4.14.8&#8243; _module_preset=&#8220;default&#8220; global_colors_info=&#8220;{}&#8220;][et_pb_text ul_type=&#8220;none&#8220; _builder_version=&#8220;4.14.5&#8243; _module_preset=&#8220;default&#8220; text_text_color=&#8220;#FFFFFF&#8220; text_line_height=&#8220;1.3em&#8220; link_text_align=&#8220;left&#8220; link_text_color=&#8220;#6CB8E7&#8243; ul_line_height=&#8220;1.2em&#8220; header_2_text_color=&#8220;#6CB8E7&#8243; header_3_text_color=&#8220;#6CB8E7&#8243; header_3_font_size=&#8220;20px&#8220; header_3_line_height=&#8220;0.9em&#8220; hover_enabled=&#8220;0&#8243; global_colors_info=&#8220;{}&#8220; sticky_enabled=&#8220;0&#8243;]<\/p>\n<h3>P\u0158EDSEDA P\u0158EDSTAVENSTVA DRU\u017dSTVA<\/h3>\n<ul>\n<li>Mgr. PhDr. Bohuslav Nov\u00e1k<\/li>\n<li><strong>tel.:<\/strong>\u00a0516 499 619<\/li>\n<li><strong>e-mail:<\/strong><span>\u00a0<\/span><a href=\"mailto:novak@sbdradost.cz\">novak@sbdradost.cz<\/a><\/li>\n<\/ul>\n<h3><\/h3>\n<h3>EKONOMICK\u00dd \u00daSEK<\/h3>\n<ul>\n<li><strong>vedouc\u00ed<\/strong>\u00a0&#8211; Eva Musilov\u00e1<\/li>\n<li><strong>tel.:<\/strong>\u00a0516 499 617<\/li>\n<li><strong>e-mail:<\/strong>\u00a0<a href=\"mailto:musilova@sbdradost.cz\">musilova@sbdradost.cz<\/a><\/li>\n<\/ul>\n<ul>\n<li><strong>\u00fa\u010detn\u00ed<\/strong>\u00a0&#8211;  Jana Krautov\u00e1<\/li>\n<li><strong>tel.:<\/strong>\u00a0516 499 610<\/li>\n<li><strong>e-mail:<\/strong>\u00a0<a href=\"mailto:krautova@sbdradost.cz\">krautova@sbdradost.cz<\/a><\/li>\n<\/ul>\n<ul>\n<li><strong>slu\u017eby<\/strong> &#8211; Monika<span>\u00a0Korbelov\u00e1<\/span><\/li>\n<li><strong>tel.:<\/strong>\u00a0516 499 612<\/li>\n<li><strong>e-mail:<\/strong><span>\u00a0<\/span><a href=\"mailto:korbelova@sbdradost.cz\">korbelova@sbdradost.cz<\/a><\/li>\n<\/ul>\n<ul>\n<li><strong>pokladna, fakturace<\/strong><span>\u00a0<\/span>&#8211; <span>Petra Jakubcov\u00e1<\/span><\/li>\n<li><strong>tel.:<\/strong>\u00a0516 499 616<\/li>\n<li><strong>e-mail:<\/strong>\u00a0<a href=\"mailto:jakubcova@sbdradost.cz\">jakubcova@sbdradost.cz<\/a><\/li>\n<\/ul>\n<ul>\n<li><strong>n\u00e1jemn\u00e9<\/strong>\u00a0&#8211; Ivana Neubauerov\u00e1<\/li>\n<li><strong>tel.:<\/strong>\u00a0516 499 613<\/li>\n<li><strong>e-mail:<span>\u00a0<\/span><\/strong><a href=\"mailto:neubauerova@sbdradost.cz\">neubauerova@sbdradost.cz<\/a><\/li>\n<\/ul>\n<p>[\/et_pb_text][\/et_pb_column][et_pb_column type=&#8220;1_2&#8243; _builder_version=&#8220;4.14.8&#8243; _module_preset=&#8220;default&#8220; global_colors_info=&#8220;{}&#8220;][et_pb_text ul_type=&#8220;none&#8220; _builder_version=&#8220;4.14.5&#8243; _module_preset=&#8220;default&#8220; text_text_color=&#8220;#FFFFFF&#8220; text_line_height=&#8220;1.3em&#8220; link_text_align=&#8220;left&#8220; link_text_color=&#8220;#6CB8E7&#8243; ul_line_height=&#8220;1.2em&#8220; header_2_text_color=&#8220;#6CB8E7&#8243; header_3_text_color=&#8220;#6CB8E7&#8243; header_3_font_size=&#8220;20px&#8220; header_3_line_height=&#8220;0.9em&#8220; hover_enabled=&#8220;0&#8243; global_colors_info=&#8220;{}&#8220; sticky_enabled=&#8220;0&#8243;]<\/p>\n<ul>\n<li><\/li>\n<\/ul>\n<h3><span style=\"font-size: 20px;\">SPR\u00c1VN\u00cd \u00daSEK<\/span><\/h3>\n<ul>\n<li><strong>pr\u00e1vn\u00ed agenda<span>\u00a0<\/span><\/strong>&#8211; Mgr. PhDr. Bohuslav Nov\u00e1k, JUDr. Jaroslav Skot\u00e1k<\/li>\n<li><strong>e-mail:<\/strong><span>\u00a0<\/span><a href=\"mailto:novak@sbdradost.cz\">novak@sbdradost.cz<\/a>,<span>\u00a0<\/span><a href=\"mailto:%20skotak@sbdradost.cz\">skotak@sbdradost.cz<\/a><\/li>\n<\/ul>\n<ul>\n<li><strong>stavebn\u011btechnick\u00e1 agenda &#8211;<span>\u00a0<\/span><\/strong>Filip Blasius<strong><br \/>\n<\/strong><\/li>\n<li><strong>tel.:<\/strong>\u00a0516 499 614<\/li>\n<li><strong>e-mail:<span>\u00a0<\/span><\/strong><a href=\"mailto:blasius@sbdradost.cz\">blasius@sbdradost.cz<\/a><\/li>\n<\/ul>\n<ul>\n<li><strong>stavebn\u011btechnick\u00e1 agenda, vy\u00fa\u010dtov\u00e1n\u00ed slu\u017eeb<\/strong><span>\u00a0<\/span>&#8211; Bo\u017eena Klementov\u00e1<\/li>\n<li><strong>tel.:<\/strong>\u00a0516 499 614<\/li>\n<li><strong>e-mail:<span>\u00a0<\/span><\/strong><a href=\"mailto:klementova@sbdradost.cz\">klementova@sbdradost.cz<\/a><\/li>\n<\/ul>\n<ul>\n<li><strong>p\u0159evody byt\u016f, nebytov\u00e9 prostory, poji\u0161t\u011bn\u00ed, da\u0148ov\u00e1 agenda<\/strong><span>\u00a0<\/span>&#8211; Ing. Pavel \u0160ir\u016f\u010dek<\/li>\n<li><strong>tel.:<\/strong>\u00a0516 499 618<\/li>\n<li><strong>e-mail:<span>\u00a0<\/span><\/strong><a href=\"mailto:sirucek@sbdradost.cz\">sirucek@sbdradost.cz<\/a><\/li>\n<\/ul>\n<ul>\n<li><strong>bytov\u00e1 agenda, \u010dlensk\u00e9 vztahy<\/strong><span>\u00a0<\/span>&#8211; V\u011bra Krav\u00e1\u010dkov\u00e1<\/li>\n<li><strong>tel.:<\/strong>\u00a0516 499 615<\/li>\n<li><strong>e-mail:<span>\u00a0<\/span><\/strong><a href=\"mailto:kravackova@sbdradost.cz\">kravackova@sbdradost.cz<\/a><\/li>\n<\/ul>\n<ul>\n<li><strong>spr\u00e1vn\u00ed agendy spole\u010denstv\u00ed vlastn\u00edk\u016f jednotek<\/strong><span>\u00a0<\/span>&#8211; Bc. Jana Cab\u00e1kov\u00e1<\/li>\n<li><strong>tel.:<\/strong>\u00a0516 499 611,\u00a0 775 932 870<\/li>\n<li><strong>e-mail:<span>\u00a0<\/span><\/strong><a href=\"mailto:cabakova@sbdradost.cz\">cabakova@sbdradost.cz<\/a><\/li>\n<\/ul>\n<p>[\/et_pb_text][\/et_pb_column][\/et_pb_row][\/et_pb_section]<\/p>\n","protected":false},"excerpt":{"rendered":"<p>PROVOZN\u00cd DOBA &nbsp; \u00dater\u00fd8.00 &#8211; 11.0012.30 &#8211; 17.00 &nbsp; St\u0159eda8.00 &#8211; 11.0012.30 &#8211; 15.00 &nbsp;KONTAKTY PRO P\u0158\u00cdPAD HAV\u00c1RIEODPADY Pavel Pacola \u2013 608\u00a0460\u00a0480 ELEKTRO Petr Bala\u0161 \u2013 734\u00a0633\u00a0094 Pavel Sychra \u2013 728\u00a0038\u00a0599 VODA, TOPEN\u00cd V\u00e1clav L\u00e1tal \u2013 777\u00a0215\u00a0707 Ladislav Sedl\u00e1k \u2013 607\u00a0750\u00a0951 PLYNOINSTALACE Tom\u00e1\u0161 Kraut \u2013 777\u00a0292\u00a0093 Anton\u00edn \u0160ebe\u010dek \u2013 731\u00a0065\u00a0571 VODA, PLYN, ELEKTRO, TOPEN\u00cd Tom\u00e1\u0161 [&hellip;]<\/p>\n","protected":false},"author":1,"featured_media":0,"parent":0,"menu_order":0,"comment_status":"closed","ping_status":"closed","template":"","meta":{"_et_pb_use_builder":"on","_et_pb_old_content":"<!-- wp:divi\/placeholder \/-->","_et_gb_content_width":"","footnotes":""},"class_list":["post-4","page","type-page","status-publish","hentry"],"_links":{"self":[{"href":"https:\/\/www.sbdradost.cz\/index.php\/wp-json\/wp\/v2\/pages\/4","targetHints":{"allow":["GET"]}}],"collection":[{"href":"https:\/\/www.sbdradost.cz\/index.php\/wp-json\/wp\/v2\/pages"}],"about":[{"href":"https:\/\/www.sbdradost.cz\/index.php\/wp-json\/wp\/v2\/types\/page"}],"author":[{"embeddable":true,"href":"https:\/\/www.sbdradost.cz\/index.php\/wp-json\/wp\/v2\/users\/1"}],"replies":[{"embeddable":true,"href":"https:\/\/www.sbdradost.cz\/index.php\/wp-json\/wp\/v2\/comments?post=4"}],"version-history":[{"count":51,"href":"https:\/\/www.sbdradost.cz\/index.php\/wp-json\/wp\/v2\/pages\/4\/revisions"}],"predecessor-version":[{"id":353,"href":"https:\/\/www.sbdradost.cz\/index.php\/wp-json\/wp\/v2\/pages\/4\/revisions\/353"}],"wp:attachment":[{"href":"https:\/\/www.sbdradost.cz\/index.php\/wp-json\/wp\/v2\/media?parent=4"}],"curies":[{"name":"wp","href":"https:\/\/api.w.org\/{rel}","templated":true}]}}