{"id":302,"date":"2024-11-26T18:42:41","date_gmt":"2024-11-26T17:42:41","guid":{"rendered":"https:\/\/www.sbdradost.cz\/?page_id=302"},"modified":"2024-11-26T18:43:51","modified_gmt":"2024-11-26T17:43:51","slug":"stanovy-druzstva","status":"publish","type":"page","link":"https:\/\/www.sbdradost.cz\/index.php\/stanovy-druzstva\/","title":{"rendered":"stanovy dru\u017estva"},"content":{"rendered":"<p>[et_pb_section fb_built=&#8220;1&#8243; _builder_version=&#8220;4.14.5&#8243; background_color=&#8220;#e2e2e2&#8243; custom_padding=&#8220;||4px|||&#8220; global_colors_info=&#8220;{}&#8220;][et_pb_row admin_label=&#8220;nadpis&#8220; _builder_version=&#8220;4.14.5&#8243; _module_preset=&#8220;default&#8220; collapsed=&#8220;on&#8220; global_colors_info=&#8220;{}&#8220;][et_pb_column type=&#8220;4_4&#8243; _builder_version=&#8220;4.14.8&#8243; _module_preset=&#8220;default&#8220; global_colors_info=&#8220;{}&#8220;][et_pb_post_title meta=&#8220;off&#8220; _builder_version=&#8220;4.14.5&#8243; _module_preset=&#8220;default&#8220; title_font=&#8220;|||on|||||&#8220; title_text_align=&#8220;left&#8220; title_font_size=&#8220;46px&#8220; custom_margin=&#8220;68px||0px||false|false&#8220; custom_padding=&#8220;||0px||false|false&#8220; title_text_color_tablet=&#8220;&#8220; title_text_color_phone=&#8220;&#8220; title_text_color_last_edited=&#8220;on|desktop&#8220; global_colors_info=&#8220;{}&#8220;][\/et_pb_post_title][\/et_pb_column][\/et_pb_row][\/et_pb_section][et_pb_section fb_built=&#8220;1&#8243; _builder_version=&#8220;4.14.5&#8243; background_color=&#8220;#e2e2e2&#8243; custom_padding=&#8220;28px||11px|||&#8220; global_colors_info=&#8220;{}&#8220;][et_pb_row use_custom_gutter=&#8220;on&#8220; admin_label=&#8220;odkazy&#8220; _builder_version=&#8220;4.14.5&#8243; _module_preset=&#8220;default&#8220; width=&#8220;500px&#8220; width_tablet=&#8220;500px&#8220; width_phone=&#8220;100%&#8220; width_last_edited=&#8220;on|desktop&#8220; module_alignment=&#8220;center&#8220; custom_margin=&#8220;||20px||false|false&#8220; custom_padding=&#8220;||16px|||&#8220; border_color_bottom=&#8220;#0c71c3&#8243; collapsed=&#8220;on&#8220; global_colors_info=&#8220;{}&#8220;][et_pb_column type=&#8220;4_4&#8243; _builder_version=&#8220;4.14.8&#8243; _module_preset=&#8220;default&#8220; global_colors_info=&#8220;{}&#8220;][et_pb_blurb use_icon=&#8220;on&#8220; font_icon=&#8220;&#xf1c1;||fa||400&#8243; icon_color=&#8220;#0c71c3&#8243; image_icon_width=&#8220;80px&#8220; _builder_version=&#8220;4.14.5&#8243; _module_preset=&#8220;default&#8220; body_text_align=&#8220;center&#8220; body_font_size=&#8220;16px&#8220; background_color=&#8220;#FFFFFF&#8220; max_width=&#8220;300px&#8220; module_alignment=&#8220;center&#8220; custom_margin=&#8220;||40px|||&#8220; custom_padding=&#8220;44px|20px|48px|20px|false|false&#8220; link_option_url=&#8220;\/wp-content\/uploads\/2024\/11\/stanovy-druzstva.pdf&#8220; hover_enabled=&#8220;0&#8243; border_radii=&#8220;on|12px|12px|12px|12px&#8220; global_colors_info=&#8220;{}&#8220; background__hover_enabled=&#8220;on|desktop&#8220; background_color__hover=&#8220;#9dc6ea&#8220; background_enable_color__hover=&#8220;on&#8220; sticky_enabled=&#8220;0&#8243;]<\/p>\n<p><strong>ST\u00c1HNOUT<\/strong><br \/>Stanovy dru\u017estva<br \/><strong>(form\u00e1t pdf)<\/strong><\/p>\n<p>[\/et_pb_blurb][\/et_pb_column][\/et_pb_row][\/et_pb_section][et_pb_section fb_built=&#8220;1&#8243; admin_label=&#8220;zpet&#8220; _builder_version=&#8220;4.14.5&#8243; background_color=&#8220;#e2e2e2&#8243; custom_padding=&#8220;||64px|||&#8220; global_colors_info=&#8220;{}&#8220;][et_pb_row _builder_version=&#8220;4.14.5&#8243; _module_preset=&#8220;default&#8220; custom_padding=&#8220;65px|||||&#8220; global_module=&#8220;221&#8243; saved_tabs=&#8220;all&#8220; locked=&#8220;on&#8220; global_colors_info=&#8220;{}&#8220;][et_pb_column type=&#8220;4_4&#8243; _builder_version=&#8220;4.14.5&#8243; _module_preset=&#8220;default&#8220; global_colors_info=&#8220;{}&#8220;][et_pb_button button_url=&#8220;\/&#8220; button_text=&#8220;zp\u011bt na hlavn\u00ed stranu&#8220; button_alignment=&#8220;left&#8220; _builder_version=&#8220;4.14.5&#8243; _module_preset=&#8220;default&#8220; custom_button=&#8220;on&#8220; button_icon=&#8220;&#x23;||divi||400&#8243; button_icon_placement=&#8220;left&#8220; button_on_hover=&#8220;off&#8220; locked=&#8220;off&#8220; global_colors_info=&#8220;{}&#8220; button_bg_color__hover_enabled=&#8220;on|desktop&#8220; button_bg_color__hover=&#8220;#0C71C3&#8243; button_bg_enable_color__hover=&#8220;on&#8220; button_text_color__hover_enabled=&#8220;on|hover&#8220; button_text_color__hover=&#8220;#FFFFFF&#8220;][\/et_pb_button][\/et_pb_column][\/et_pb_row][\/et_pb_section][et_pb_section fb_built=&#8220;1&#8243; _builder_version=&#8220;4.14.5&#8243; _module_preset=&#8220;default&#8220; custom_padding=&#8220;0px||0px|||&#8220; locked=&#8220;on&#8220; global_colors_info=&#8220;{}&#8220;][et_pb_row _builder_version=&#8220;4.14.5&#8243; _module_preset=&#8220;default&#8220; background_image=&#8220;https:\/\/www.sbdradost.cz\/wp-content\/uploads\/2022\/05\/mapa-01.png&#8220; background_enable_image=&#8220;off&#8220; width=&#8220;100%&#8220; max_width=&#8220;1920px&#8220; module_alignment=&#8220;center&#8220; min_height=&#8220;670px&#8220; custom_margin=&#8220;0px||0px||false|false&#8220; custom_padding=&#8220;47px|||||&#8220; global_module=&#8220;78&#8243; saved_tabs=&#8220;all&#8220; global_colors_info=&#8220;{}&#8220;][et_pb_column type=&#8220;4_4&#8243; _builder_version=&#8220;4.14.8&#8243; _module_preset=&#8220;default&#8220; global_colors_info=&#8220;{}&#8220;][et_pb_text _builder_version=&#8220;4.14.5&#8243; _module_preset=&#8220;default&#8220; text_font_size=&#8220;18px&#8220; text_line_height=&#8220;1.6em&#8220; background_color=&#8220;#FFFFFF&#8220; z_index=&#8220;999&#8243; text_orientation=&#8220;center&#8220; max_width=&#8220;400px&#8220; module_alignment=&#8220;center&#8220; height=&#8220;250px&#8220; custom_margin=&#8220;||0px||false|false&#8220; custom_padding=&#8220;20px|20px|0px|20px|false|false&#8220; border_radii=&#8220;on|12px|12px|12px|12px&#8220; global_colors_info=&#8220;{}&#8220;]<\/p>\n<h3>KDE N\u00c1S NAJDETE?<strong><\/strong><strong><\/strong><strong><\/strong><\/h3>\n<p><strong><\/strong><\/p>\n<p><strong>Stavebn\u00ed bytov\u00e9<br \/>dru\u017estvo RADOST<\/strong><br \/>Komensk\u00e9ho 22<br \/>680 01 Boskovice<\/p>\n<p>&nbsp;<\/p>\n<p>[\/et_pb_text][et_pb_image src=&#8220;https:\/\/www.sbdradost.cz\/wp-content\/uploads\/2022\/05\/zobacek.png&#8220; title_text=&#8220;zobacek&#8220; align=&#8220;center&#8220; _builder_version=&#8220;4.14.5&#8243; _module_preset=&#8220;default&#8220; custom_margin=&#8220;0px|0px|0px|0px|false|false&#8220; custom_padding=&#8220;0px|0px|0px|0px|false|false&#8220; global_colors_info=&#8220;{}&#8220;][\/et_pb_image][\/et_pb_column][\/et_pb_row][\/et_pb_section][et_pb_section fb_built=&#8220;1&#8243; module_id=&#8220;kontakt&#8220; _builder_version=&#8220;4.14.5&#8243; _module_preset=&#8220;default&#8220; background_color=&#8220;#001E36&#8243; global_module=&#8220;79&#8243; saved_tabs=&#8220;all&#8220; locked=&#8220;off&#8220; global_colors_info=&#8220;{}&#8220;][et_pb_row _builder_version=&#8220;4.14.5&#8243; _module_preset=&#8220;default&#8220; custom_padding=&#8220;||0px||false|false&#8220; global_colors_info=&#8220;{}&#8220;][et_pb_column type=&#8220;4_4&#8243; _builder_version=&#8220;4.14.8&#8243; _module_preset=&#8220;default&#8220; global_colors_info=&#8220;{}&#8220;][et_pb_text ul_type=&#8220;none&#8220; _builder_version=&#8220;4.14.8&#8243; _module_preset=&#8220;default&#8220; text_text_color=&#8220;#FFFFFF&#8220; text_line_height=&#8220;1.3em&#8220; link_text_align=&#8220;left&#8220; link_text_color=&#8220;#6CB8E7&#8243; ul_line_height=&#8220;1.2em&#8220; header_2_text_color=&#8220;#6CB8E7&#8243; header_3_text_color=&#8220;#6CB8E7&#8243; header_3_font_size=&#8220;20px&#8220; header_3_line_height=&#8220;0.9em&#8220; custom_padding=&#8220;||0px||false|false&#8220; global_colors_info=&#8220;{}&#8220;]<\/p>\n<h2>KONTAKTY:<\/h2>\n<ul>\n<li><strong>Stavebn\u00ed bytov\u00e9 dru\u017estvo RADOST<\/strong><\/li>\n<li>Komensk\u00e9ho 22<\/li>\n<li>680 01 Boskovice<\/li>\n<li>I\u010cO: 00048356\u00a0\u00a0\u00a0\u00a0\u00a0\u00a0 DI\u010c: CZ00048356<\/li>\n<li>Datov\u00e1 schr\u00e1nka: g7d4c7k<\/li>\n<\/ul>\n<p>[\/et_pb_text][\/et_pb_column][\/et_pb_row][et_pb_row column_structure=&#8220;1_2,1_2&#8243; module_id=&#8220;ko&#8220; _builder_version=&#8220;4.14.5&#8243; _module_preset=&#8220;default&#8220; width=&#8220;90%&#8220; global_colors_info=&#8220;{}&#8220;][et_pb_column type=&#8220;1_2&#8243; _builder_version=&#8220;4.14.8&#8243; _module_preset=&#8220;default&#8220; global_colors_info=&#8220;{}&#8220;][et_pb_text ul_type=&#8220;none&#8220; _builder_version=&#8220;4.14.5&#8243; _module_preset=&#8220;default&#8220; text_text_color=&#8220;#FFFFFF&#8220; text_line_height=&#8220;1.3em&#8220; link_text_align=&#8220;left&#8220; link_text_color=&#8220;#6CB8E7&#8243; ul_line_height=&#8220;1.2em&#8220; header_2_text_color=&#8220;#6CB8E7&#8243; header_3_text_color=&#8220;#6CB8E7&#8243; header_3_font_size=&#8220;20px&#8220; header_3_line_height=&#8220;0.9em&#8220; global_colors_info=&#8220;{}&#8220;]<\/p>\n<h3>P\u0158EDSEDA P\u0158EDSTAVENSTVA DRU\u017dSTVA<\/h3>\n<ul>\n<li>Mgr. PhDr. Bohuslav Nov\u00e1k<\/li>\n<li><strong>tel.:<\/strong>\u00a0516 499 619<\/li>\n<li><strong>e-mail:<\/strong><span>\u00a0<\/span><a href=\"mailto:novak@sbdradost.cz\">novak@sbdradost.cz<\/a><\/li>\n<\/ul>\n<h3><\/h3>\n<h3>EKONOMICK\u00dd \u00daSEK<\/h3>\n<ul>\n<li><strong>vedouc\u00ed<\/strong>\u00a0&#8211; Eva Musilov\u00e1<\/li>\n<li><strong>tel.:<\/strong>\u00a0516 499 617<\/li>\n<li><strong>e-mail:<\/strong>\u00a0<a href=\"mailto:musilova@sbdradost.cz\">musilova@sbdradost.cz<\/a><\/li>\n<\/ul>\n<ul>\n<li><strong>\u00fa\u010detn\u00ed<\/strong>\u00a0&#8211; Hana Kom\u00e1rkov\u00e1<\/li>\n<li><strong>tel.:<\/strong>\u00a0516 499 610<\/li>\n<li><strong>e-mail:<\/strong>\u00a0<a href=\"mailto:komarkova@sbdradost.cz\">komarkova@sbdradost.cz<\/a><\/li>\n<\/ul>\n<ul>\n<li><strong>slu\u017eby<\/strong> &#8211; Monika<span>\u00a0Korbelov\u00e1<\/span><\/li>\n<li><strong>tel.:<\/strong>\u00a0516 499 612<\/li>\n<li><strong>e-mail:<\/strong><span>\u00a0<\/span><a href=\"mailto:korbelova@sbdradost.cz\">korbelova@sbdradost.cz<\/a><\/li>\n<\/ul>\n<ul>\n<li><strong>pokladna, fakturace<\/strong><span>\u00a0<\/span>&#8211; <span>Petra Jakubcov\u00e1<\/span><\/li>\n<li><strong>tel.:<\/strong>\u00a0516 499 616<\/li>\n<li><strong>e-mail:<\/strong>\u00a0<a href=\"mailto:jakubcova@sbdradost.cz\">jakubcova@sbdradost.cz<\/a><\/li>\n<\/ul>\n<ul>\n<li><strong>n\u00e1jemn\u00e9<\/strong>\u00a0&#8211; Ivana Neubauerov\u00e1<\/li>\n<li><strong>tel.:<\/strong>\u00a0516 499 613<\/li>\n<li><strong>e-mail:<span>\u00a0<\/span><\/strong><a href=\"mailto:neubauerova@sbdradost.cz\">neubauerova@sbdradost.cz<\/a><\/li>\n<\/ul>\n<p>[\/et_pb_text][\/et_pb_column][et_pb_column type=&#8220;1_2&#8243; _builder_version=&#8220;4.14.8&#8243; _module_preset=&#8220;default&#8220; global_colors_info=&#8220;{}&#8220;][et_pb_text ul_type=&#8220;none&#8220; _builder_version=&#8220;4.14.5&#8243; _module_preset=&#8220;default&#8220; text_text_color=&#8220;#FFFFFF&#8220; text_line_height=&#8220;1.3em&#8220; link_text_align=&#8220;left&#8220; link_text_color=&#8220;#6CB8E7&#8243; ul_line_height=&#8220;1.2em&#8220; header_2_text_color=&#8220;#6CB8E7&#8243; header_3_text_color=&#8220;#6CB8E7&#8243; header_3_font_size=&#8220;20px&#8220; header_3_line_height=&#8220;0.9em&#8220; global_colors_info=&#8220;{}&#8220;]<\/p>\n<ul>\n<li><\/li>\n<\/ul>\n<h3><span style=\"font-size: 20px;\">SPR\u00c1VN\u00cd \u00daSEK<\/span><\/h3>\n<ul>\n<li><strong>pr\u00e1vn\u00ed agenda<span>\u00a0<\/span><\/strong>&#8211; Mgr. PhDr. Bohuslav Nov\u00e1k, JUDr. Jaroslav Skot\u00e1k<\/li>\n<li><strong>e-mail:<\/strong><span>\u00a0<\/span><a href=\"mailto:novak@sbdradost.cz\">novak@sbdradost.cz<\/a>,<span>\u00a0<\/span><a href=\"mailto:%20skotak@sbdradost.cz\">skotak@sbdradost.cz<\/a><\/li>\n<\/ul>\n<ul>\n<li><strong>stavebn\u011btechnick\u00e1 agenda &#8211;<span>\u00a0<\/span><\/strong>Ji\u0159\u00ed La\u0161t\u016fvka<strong><br \/>\n<\/strong><\/li>\n<li><strong>tel.:<\/strong>\u00a0516 499 614<\/li>\n<li><strong>e-mail:<span>\u00a0<\/span><\/strong><a href=\"mailto:lastuvka@sbdradost.cz\">lastuvka@sbdradost.cz<\/a><\/li>\n<\/ul>\n<ul>\n<li><strong>stavebn\u011btechnick\u00e1 agenda, vy\u00fa\u010dtov\u00e1n\u00ed slu\u017eeb<\/strong><span>\u00a0<\/span>&#8211; Bo\u017eena Klementov\u00e1<\/li>\n<li><strong>tel.:<\/strong>\u00a0516 499 614<\/li>\n<li><strong>e-mail:<span>\u00a0<\/span><\/strong><a href=\"mailto:klementova@sbdradost.cz\">klementova@sbdradost.cz<\/a><\/li>\n<\/ul>\n<ul>\n<li><strong>p\u0159evody byt\u016f, nebytov\u00e9 prostory, poji\u0161t\u011bn\u00ed, da\u0148ov\u00e1 agenda<\/strong><span>\u00a0<\/span>&#8211; Ing. Pavel \u0160ir\u016f\u010dek<\/li>\n<li><strong>tel.:<\/strong>\u00a0516 499 618<\/li>\n<li><strong>e-mail:<span>\u00a0<\/span><\/strong><a href=\"mailto:sirucek@sbdradost.cz\">sirucek@sbdradost.cz<\/a><\/li>\n<\/ul>\n<ul>\n<li><strong>bytov\u00e1 agenda, \u010dlensk\u00e9 vztahy<\/strong><span>\u00a0<\/span>&#8211; V\u011bra Krav\u00e1\u010dkov\u00e1<\/li>\n<li><strong>tel.:<\/strong>\u00a0516 499 615<\/li>\n<li><strong>e-mail:<span>\u00a0<\/span><\/strong><a href=\"mailto:kravackova@sbdradost.cz\">kravackova@sbdradost.cz<\/a><\/li>\n<\/ul>\n<ul>\n<li><strong>spr\u00e1vn\u00ed agendy spole\u010denstv\u00ed vlastn\u00edk\u016f jednotek<\/strong><span>\u00a0<\/span>&#8211; Bc. Jana Cab\u00e1kov\u00e1<\/li>\n<li><strong>tel.:<\/strong>\u00a0516 499 611,\u00a0 775 932 870<\/li>\n<li><strong>e-mail:<span>\u00a0<\/span><\/strong><a href=\"mailto:cabakova@sbdradost.cz\">cabakova@sbdradost.cz<\/a><\/li>\n<\/ul>\n<p>[\/et_pb_text][\/et_pb_column][\/et_pb_row][\/et_pb_section]<\/p>\n","protected":false},"excerpt":{"rendered":"<p>ST\u00c1HNOUTStanovy dru\u017estva(form\u00e1t pdf)KDE N\u00c1S NAJDETE? Stavebn\u00ed bytov\u00e9dru\u017estvo RADOSTKomensk\u00e9ho 22680 01 Boskovice &nbsp;KONTAKTY: Stavebn\u00ed bytov\u00e9 dru\u017estvo RADOST Komensk\u00e9ho 22 680 01 Boskovice I\u010cO: 00048356\u00a0\u00a0\u00a0\u00a0\u00a0\u00a0 DI\u010c: CZ00048356 Datov\u00e1 schr\u00e1nka: g7d4c7k P\u0158EDSEDA P\u0158EDSTAVENSTVA DRU\u017dSTVA Mgr. PhDr. Bohuslav Nov\u00e1k tel.:\u00a0516 499 619 e-mail:\u00a0novak@sbdradost.cz EKONOMICK\u00dd \u00daSEK vedouc\u00ed\u00a0&#8211; Eva Musilov\u00e1 tel.:\u00a0516 499 617 e-mail:\u00a0musilova@sbdradost.cz \u00fa\u010detn\u00ed\u00a0&#8211; Hana Kom\u00e1rkov\u00e1 tel.:\u00a0516 499 610 e-mail:\u00a0komarkova@sbdradost.cz [&hellip;]<\/p>\n","protected":false},"author":1,"featured_media":0,"parent":0,"menu_order":0,"comment_status":"closed","ping_status":"closed","template":"","meta":{"_et_pb_use_builder":"on","_et_pb_old_content":"","_et_gb_content_width":"","footnotes":""},"class_list":["post-302","page","type-page","status-publish","hentry"],"_links":{"self":[{"href":"https:\/\/www.sbdradost.cz\/index.php\/wp-json\/wp\/v2\/pages\/302","targetHints":{"allow":["GET"]}}],"collection":[{"href":"https:\/\/www.sbdradost.cz\/index.php\/wp-json\/wp\/v2\/pages"}],"about":[{"href":"https:\/\/www.sbdradost.cz\/index.php\/wp-json\/wp\/v2\/types\/page"}],"author":[{"embeddable":true,"href":"https:\/\/www.sbdradost.cz\/index.php\/wp-json\/wp\/v2\/users\/1"}],"replies":[{"embeddable":true,"href":"https:\/\/www.sbdradost.cz\/index.php\/wp-json\/wp\/v2\/comments?post=302"}],"version-history":[{"count":4,"href":"https:\/\/www.sbdradost.cz\/index.php\/wp-json\/wp\/v2\/pages\/302\/revisions"}],"predecessor-version":[{"id":308,"href":"https:\/\/www.sbdradost.cz\/index.php\/wp-json\/wp\/v2\/pages\/302\/revisions\/308"}],"wp:attachment":[{"href":"https:\/\/www.sbdradost.cz\/index.php\/wp-json\/wp\/v2\/media?parent=302"}],"curies":[{"name":"wp","href":"https:\/\/api.w.org\/{rel}","templated":true}]}}